{"id":78,"date":"2018-12-08T21:37:28","date_gmt":"2018-12-08T20:37:28","guid":{"rendered":"http:\/\/mgv-eintracht-vadrup.maguggn.de\/?page_id=78"},"modified":"2026-02-20T10:46:55","modified_gmt":"2026-02-20T09:46:55","slug":"willkommen-beim-m-g-v-eintracht-westbevern-vadrup","status":"publish","type":"page","link":"https:\/\/mgv-eintracht-vadrup.de\/","title":{"rendered":"MGV &#8222;Eintracht&#8220; Westbevern-Vadrup"},"content":{"rendered":"\n<figure class=\"wp-block-image size-large is-style-default\"><img loading=\"lazy\" decoding=\"async\" width=\"1024\" height=\"768\" src=\"https:\/\/mgv-eintracht-vadrup.de\/wp-content\/uploads\/2023\/02\/Kommzuuns.jpg\" alt=\"\" class=\"wp-image-1892\" srcset=\"https:\/\/mgv-eintracht-vadrup.de\/wp-content\/uploads\/2023\/02\/Kommzuuns.jpg 1024w, https:\/\/mgv-eintracht-vadrup.de\/wp-content\/uploads\/2023\/02\/Kommzuuns-300x225.jpg 300w, https:\/\/mgv-eintracht-vadrup.de\/wp-content\/uploads\/2023\/02\/Kommzuuns-768x576.jpg 768w\" sizes=\"auto, (max-width: 1024px) 100vw, 1024px\" \/><\/figure>\n\n\n\n<p>Wir sind ein Chor mit \u00fcber 35 S\u00e4ngern, der nunmehr auf eine mehr als 130-j\u00e4hrige Vereinsgeschichte zur\u00fcckblicken kann.<\/p>\n\n\n\n<p>Gemeinsam mit unserem Chorleiter Harald Berger freuen wir uns, unserem breiten Publikum neue nationale und&nbsp; internationale Lieder zu pr\u00e4sentieren.<\/p>\n\n\n\n<p>So geh\u00f6ren aktuelle Hits u.a. von Andreas Bourani und Santiano ebenso zu unserem Repertoire wie Peter Maffay, die Toten Hosen, Maybebop oder den Wise Guys.<\/p>\n\n\n\n<p>Wir w\u00fcnschen Euch viel Spa\u00df beim St\u00f6bern durch unsere Seiten und Fotogalerien.<\/p>\n\n\n\n<figure class=\"wp-block-image size-large is-style-default\"><img loading=\"lazy\" decoding=\"async\" width=\"1024\" height=\"726\" src=\"https:\/\/mgv-eintracht-vadrup.de\/wp-content\/uploads\/2022\/06\/wirfreuenuns-1024x726.jpg\" alt=\"\" class=\"wp-image-1651\" srcset=\"https:\/\/mgv-eintracht-vadrup.de\/wp-content\/uploads\/2022\/06\/wirfreuenuns-1024x726.jpg 1024w, https:\/\/mgv-eintracht-vadrup.de\/wp-content\/uploads\/2022\/06\/wirfreuenuns-300x213.jpg 300w, https:\/\/mgv-eintracht-vadrup.de\/wp-content\/uploads\/2022\/06\/wirfreuenuns-768x544.jpg 768w, https:\/\/mgv-eintracht-vadrup.de\/wp-content\/uploads\/2022\/06\/wirfreuenuns.jpg 1158w\" sizes=\"auto, (max-width: 1024px) 100vw, 1024px\" \/><\/figure>\n","protected":false},"excerpt":{"rendered":"<p>Wir sind ein Chor mit \u00fcber 35 S\u00e4ngern, der nunmehr auf eine mehr als 130-j\u00e4hrige Vereinsgeschichte zur\u00fcckblicken kann. Gemeinsam mit unserem Chorleiter Harald Berger freuen wir uns, unserem breiten Publikum neue nationale und&nbsp; internationale Lieder zu pr\u00e4sentieren. So geh\u00f6ren aktuelle Hits u.a. von Andreas Bourani und Santiano ebenso zu unserem Repertoire wie Peter Maffay, die [&hellip;]<\/p>\n","protected":false},"author":3,"featured_media":1616,"parent":0,"menu_order":0,"comment_status":"closed","ping_status":"closed","template":"","meta":{"footnotes":""},"class_list":["post-78","page","type-page","status-publish","has-post-thumbnail","hentry"],"jetpack_sharing_enabled":true,"_links":{"self":[{"href":"https:\/\/mgv-eintracht-vadrup.de\/index.php?rest_route=\/wp\/v2\/pages\/78","targetHints":{"allow":["GET"]}}],"collection":[{"href":"https:\/\/mgv-eintracht-vadrup.de\/index.php?rest_route=\/wp\/v2\/pages"}],"about":[{"href":"https:\/\/mgv-eintracht-vadrup.de\/index.php?rest_route=\/wp\/v2\/types\/page"}],"author":[{"embeddable":true,"href":"https:\/\/mgv-eintracht-vadrup.de\/index.php?rest_route=\/wp\/v2\/users\/3"}],"replies":[{"embeddable":true,"href":"https:\/\/mgv-eintracht-vadrup.de\/index.php?rest_route=%2Fwp%2Fv2%2Fcomments&post=78"}],"version-history":[{"count":97,"href":"https:\/\/mgv-eintracht-vadrup.de\/index.php?rest_route=\/wp\/v2\/pages\/78\/revisions"}],"predecessor-version":[{"id":2714,"href":"https:\/\/mgv-eintracht-vadrup.de\/index.php?rest_route=\/wp\/v2\/pages\/78\/revisions\/2714"}],"wp:featuredmedia":[{"embeddable":true,"href":"https:\/\/mgv-eintracht-vadrup.de\/index.php?rest_route=\/wp\/v2\/media\/1616"}],"wp:attachment":[{"href":"https:\/\/mgv-eintracht-vadrup.de\/index.php?rest_route=%2Fwp%2Fv2%2Fmedia&parent=78"}],"curies":[{"name":"wp","href":"https:\/\/api.w.org\/{rel}","templated":true}]}}